{"id":498,"date":"2023-09-25T12:04:10","date_gmt":"2023-09-25T10:04:10","guid":{"rendered":"https:\/\/tarandro.com\/thank-you\/"},"modified":"2023-10-19T16:21:43","modified_gmt":"2023-10-19T14:21:43","slug":"thank-you","status":"publish","type":"page","link":"https:\/\/tarandro.com\/en\/thank-you\/","title":{"rendered":"Thank you"},"content":{"rendered":"\t\t<div data-elementor-type=\"wp-page\" data-elementor-id=\"498\" class=\"elementor elementor-498 elementor-284\" data-elementor-post-type=\"page\">\n\t\t\t\t<div class=\"elementor-element elementor-element-6d0f04bf e-con-full e-flex e-con e-parent\" data-id=\"6d0f04bf\" data-element_type=\"container\" data-e-type=\"container\" data-settings=\"{&quot;background_background&quot;:&quot;classic&quot;,&quot;jet_parallax_layout_list&quot;:[]}\">\n\t\t<div class=\"elementor-element elementor-element-750d3d0f e-con-full e-flex e-con e-child\" data-id=\"750d3d0f\" data-element_type=\"container\" data-e-type=\"container\" data-settings=\"{&quot;jet_parallax_layout_list&quot;:[]}\">\n\t\t<div class=\"elementor-element elementor-element-454613f2 e-con-full e-flex e-con e-child\" data-id=\"454613f2\" data-element_type=\"container\" data-e-type=\"container\" data-settings=\"{&quot;jet_parallax_layout_list&quot;:[]}\">\n\t\t\t\t<div class=\"elementor-element elementor-element-6c02b55 elementor-widget elementor-widget-heading\" data-id=\"6c02b55\" data-element_type=\"widget\" data-e-type=\"widget\" data-widget_type=\"heading.default\">\n\t\t\t\t<div class=\"elementor-widget-container\">\n\t\t\t\t\t<h1 class=\"elementor-heading-title elementor-size-default\">Thank you<\/h1>\t\t\t\t<\/div>\n\t\t\t\t<\/div>\n\t\t\t\t<\/div>\n\t\t\t\t<\/div>\n\t\t\t\t<\/div>\n\t\t<div class=\"elementor-element elementor-element-4a3debb7 e-flex e-con-boxed e-con e-parent\" data-id=\"4a3debb7\" data-element_type=\"container\" data-e-type=\"container\" id=\"sejours\" data-settings=\"{&quot;jet_parallax_layout_list&quot;:[]}\">\n\t\t\t\t\t<div class=\"e-con-inner\">\n\t\t<div class=\"elementor-element elementor-element-76006db9 e-con-full e-flex e-con e-child\" data-id=\"76006db9\" data-element_type=\"container\" data-e-type=\"container\" data-settings=\"{&quot;jet_parallax_layout_list&quot;:[]}\">\n\t\t\t\t<div class=\"elementor-element elementor-element-42726db1 elementor-widget elementor-widget-heading\" data-id=\"42726db1\" data-element_type=\"widget\" data-e-type=\"widget\" data-widget_type=\"heading.default\">\n\t\t\t\t<div class=\"elementor-widget-container\">\n\t\t\t\t\t<h2 class=\"elementor-heading-title elementor-size-default\">Lorem ipsum dolor sit amet<\/h2>\t\t\t\t<\/div>\n\t\t\t\t<\/div>\n\t\t\t\t<div class=\"elementor-element elementor-element-e268108 elementor-widget elementor-widget-text-editor\" data-id=\"e268108\" data-element_type=\"widget\" data-e-type=\"widget\" data-widget_type=\"text-editor.default\">\n\t\t\t\t<div class=\"elementor-widget-container\">\n\t\t\t\t\t\t\t\t\t<p>Lorem ipsum dolor sit amet, consectetur adipiscing elit, sed do eiusmod tempor incididunt ut labore et dolore magna aliqua. Ut enim ad minim veniam, quis nostrud exercitation ullamco laboris nisi ut aliquip ex ea commodo consequat. Duis aute irure dolor in reprehenderit in voluptate velit esse cillum dolore eu fugiat nulla pariatur. Excepteur sint occaecat cupidatat non proident, sunt in culpa qui officia deserunt mollit anim id est laborum.<\/p>\n\t\t\t\t\t\t\t\t<\/div>\n\t\t\t\t<\/div>\n\t\t\t\t<\/div>\n\t\t\t\t\t<\/div>\n\t\t\t\t<\/div>\n\t\t\t\t<\/div>\n\t\t","protected":false},"excerpt":{"rendered":"<p>Lorem ipsum dolor sit amet Lorem ipsum dolor sit amet, consectetur adipiscing elit, sed do eiusmod tempor incididunt ut labore et dolore magna aliqua. Ut enim ad minim veniam, quis nostrud exercitation ullamco laboris nisi ut aliquip ex ea commodo consequat. Duis aute irure dolor in reprehenderit in voluptate velit esse cillum dolore eu fugiat [&hellip;]<\/p>\n","protected":false},"author":1,"featured_media":0,"parent":0,"menu_order":0,"comment_status":"closed","ping_status":"closed","template":"elementor_theme","meta":{"footnotes":""},"class_list":["post-498","page","type-page","status-publish","hentry"],"yoast_head":"<!-- This site is optimized with the Yoast SEO plugin v24.9 - https:\/\/yoast.com\/wordpress\/plugins\/seo\/ -->\n<title>Tarandro, customized travel in the Nordic countries<\/title>\n<meta name=\"description\" content=\"Tarandro is a French-speaking incoming agency specializing in travel to the Nordic countries. We create our trips directly, without intermediaries.\" \/>\n<meta name=\"robots\" content=\"index, follow, max-snippet:-1, max-image-preview:large, max-video-preview:-1\" \/>\n<link rel=\"canonical\" href=\"https:\/\/tarandro.com\/en\/thank-you\/\" \/>\n<meta property=\"og:locale\" content=\"en_US\" \/>\n<meta property=\"og:type\" content=\"article\" \/>\n<meta property=\"og:title\" content=\"Tarandro, customized travel in the Nordic countries\" \/>\n<meta property=\"og:description\" content=\"Tarandro is a French-speaking incoming agency specializing in travel to the Nordic countries. We create our trips directly, without intermediaries.\" \/>\n<meta property=\"og:url\" content=\"https:\/\/tarandro.com\/en\/thank-you\/\" \/>\n<meta property=\"og:site_name\" content=\"Tarandro, voyages sur mesure dans les pays nordiques\" \/>\n<meta property=\"article:modified_time\" content=\"2023-10-19T14:21:43+00:00\" \/>\n<meta name=\"twitter:card\" content=\"summary_large_image\" \/>\n<script type=\"application\/ld+json\" class=\"yoast-schema-graph\">{\"@context\":\"https:\/\/schema.org\",\"@graph\":[{\"@type\":\"WebPage\",\"@id\":\"https:\/\/tarandro.com\/en\/thank-you\/\",\"url\":\"https:\/\/tarandro.com\/en\/thank-you\/\",\"name\":\"Tarandro, customized travel in the Nordic countries\",\"isPartOf\":{\"@id\":\"https:\/\/tarandro.com\/en\/#website\"},\"datePublished\":\"2023-09-25T10:04:10+00:00\",\"dateModified\":\"2023-10-19T14:21:43+00:00\",\"description\":\"Tarandro is a French-speaking incoming agency specializing in travel to the Nordic countries. We create our trips directly, without intermediaries.\",\"breadcrumb\":{\"@id\":\"https:\/\/tarandro.com\/en\/thank-you\/#breadcrumb\"},\"inLanguage\":\"en-US\",\"potentialAction\":[{\"@type\":\"ReadAction\",\"target\":[\"https:\/\/tarandro.com\/en\/thank-you\/\"]}]},{\"@type\":\"BreadcrumbList\",\"@id\":\"https:\/\/tarandro.com\/en\/thank-you\/#breadcrumb\",\"itemListElement\":[{\"@type\":\"ListItem\",\"position\":1,\"name\":\"Accueil\",\"item\":\"https:\/\/tarandro.com\/en\/\"},{\"@type\":\"ListItem\",\"position\":2,\"name\":\"Thank you\"}]},{\"@type\":\"WebSite\",\"@id\":\"https:\/\/tarandro.com\/en\/#website\",\"url\":\"https:\/\/tarandro.com\/en\/\",\"name\":\"Tarandro, voyages sur mesure dans les pays nordiques\",\"description\":\"Tarandro est une agence r\u00e9ceptive francophone sp\u00e9cialis\u00e9e dans les voyages \u00e0 destination des pays nordiques, nous cr\u00e9ons nos voyages en direct, sans interm\u00e9diaire, et avec les meilleures garanties que vous offre une agence certifi\u00e9e en France.\",\"publisher\":{\"@id\":\"https:\/\/tarandro.com\/en\/#organization\"},\"potentialAction\":[{\"@type\":\"SearchAction\",\"target\":{\"@type\":\"EntryPoint\",\"urlTemplate\":\"https:\/\/tarandro.com\/en\/?s={search_term_string}\"},\"query-input\":{\"@type\":\"PropertyValueSpecification\",\"valueRequired\":true,\"valueName\":\"search_term_string\"}}],\"inLanguage\":\"en-US\"},{\"@type\":\"Organization\",\"@id\":\"https:\/\/tarandro.com\/en\/#organization\",\"name\":\"Tarandro, voyages sur mesure dans les pays nordiques\",\"url\":\"https:\/\/tarandro.com\/en\/\",\"logo\":{\"@type\":\"ImageObject\",\"inLanguage\":\"en-US\",\"@id\":\"https:\/\/tarandro.com\/en\/#\/schema\/logo\/image\/\",\"url\":\"https:\/\/tarandro.com\/wp-content\/uploads\/2023\/09\/cropped-TARANDRO_Logo_long_Couleur-rectangle.webp\",\"contentUrl\":\"https:\/\/tarandro.com\/wp-content\/uploads\/2023\/09\/cropped-TARANDRO_Logo_long_Couleur-rectangle.webp\",\"width\":476,\"height\":136,\"caption\":\"Tarandro, voyages sur mesure dans les pays nordiques\"},\"image\":{\"@id\":\"https:\/\/tarandro.com\/en\/#\/schema\/logo\/image\/\"}}]}<\/script>\n<!-- \/ Yoast SEO plugin. -->","yoast_head_json":{"title":"Tarandro, customized travel in the Nordic countries","description":"Tarandro is a French-speaking incoming agency specializing in travel to the Nordic countries. We create our trips directly, without intermediaries.","robots":{"index":"index","follow":"follow","max-snippet":"max-snippet:-1","max-image-preview":"max-image-preview:large","max-video-preview":"max-video-preview:-1"},"canonical":"https:\/\/tarandro.com\/en\/thank-you\/","og_locale":"en_US","og_type":"article","og_title":"Tarandro, customized travel in the Nordic countries","og_description":"Tarandro is a French-speaking incoming agency specializing in travel to the Nordic countries. We create our trips directly, without intermediaries.","og_url":"https:\/\/tarandro.com\/en\/thank-you\/","og_site_name":"Tarandro, voyages sur mesure dans les pays nordiques","article_modified_time":"2023-10-19T14:21:43+00:00","twitter_card":"summary_large_image","schema":{"@context":"https:\/\/schema.org","@graph":[{"@type":"WebPage","@id":"https:\/\/tarandro.com\/en\/thank-you\/","url":"https:\/\/tarandro.com\/en\/thank-you\/","name":"Tarandro, customized travel in the Nordic countries","isPartOf":{"@id":"https:\/\/tarandro.com\/en\/#website"},"datePublished":"2023-09-25T10:04:10+00:00","dateModified":"2023-10-19T14:21:43+00:00","description":"Tarandro is a French-speaking incoming agency specializing in travel to the Nordic countries. We create our trips directly, without intermediaries.","breadcrumb":{"@id":"https:\/\/tarandro.com\/en\/thank-you\/#breadcrumb"},"inLanguage":"en-US","potentialAction":[{"@type":"ReadAction","target":["https:\/\/tarandro.com\/en\/thank-you\/"]}]},{"@type":"BreadcrumbList","@id":"https:\/\/tarandro.com\/en\/thank-you\/#breadcrumb","itemListElement":[{"@type":"ListItem","position":1,"name":"Accueil","item":"https:\/\/tarandro.com\/en\/"},{"@type":"ListItem","position":2,"name":"Thank you"}]},{"@type":"WebSite","@id":"https:\/\/tarandro.com\/en\/#website","url":"https:\/\/tarandro.com\/en\/","name":"Tarandro, voyages sur mesure dans les pays nordiques","description":"Tarandro est une agence r\u00e9ceptive francophone sp\u00e9cialis\u00e9e dans les voyages \u00e0 destination des pays nordiques, nous cr\u00e9ons nos voyages en direct, sans interm\u00e9diaire, et avec les meilleures garanties que vous offre une agence certifi\u00e9e en France.","publisher":{"@id":"https:\/\/tarandro.com\/en\/#organization"},"potentialAction":[{"@type":"SearchAction","target":{"@type":"EntryPoint","urlTemplate":"https:\/\/tarandro.com\/en\/?s={search_term_string}"},"query-input":{"@type":"PropertyValueSpecification","valueRequired":true,"valueName":"search_term_string"}}],"inLanguage":"en-US"},{"@type":"Organization","@id":"https:\/\/tarandro.com\/en\/#organization","name":"Tarandro, voyages sur mesure dans les pays nordiques","url":"https:\/\/tarandro.com\/en\/","logo":{"@type":"ImageObject","inLanguage":"en-US","@id":"https:\/\/tarandro.com\/en\/#\/schema\/logo\/image\/","url":"https:\/\/tarandro.com\/wp-content\/uploads\/2023\/09\/cropped-TARANDRO_Logo_long_Couleur-rectangle.webp","contentUrl":"https:\/\/tarandro.com\/wp-content\/uploads\/2023\/09\/cropped-TARANDRO_Logo_long_Couleur-rectangle.webp","width":476,"height":136,"caption":"Tarandro, voyages sur mesure dans les pays nordiques"},"image":{"@id":"https:\/\/tarandro.com\/en\/#\/schema\/logo\/image\/"}}]}},"_links":{"self":[{"href":"https:\/\/tarandro.com\/en\/wp-json\/wp\/v2\/pages\/498","targetHints":{"allow":["GET"]}}],"collection":[{"href":"https:\/\/tarandro.com\/en\/wp-json\/wp\/v2\/pages"}],"about":[{"href":"https:\/\/tarandro.com\/en\/wp-json\/wp\/v2\/types\/page"}],"author":[{"embeddable":true,"href":"https:\/\/tarandro.com\/en\/wp-json\/wp\/v2\/users\/1"}],"replies":[{"embeddable":true,"href":"https:\/\/tarandro.com\/en\/wp-json\/wp\/v2\/comments?post=498"}],"version-history":[{"count":0,"href":"https:\/\/tarandro.com\/en\/wp-json\/wp\/v2\/pages\/498\/revisions"}],"wp:attachment":[{"href":"https:\/\/tarandro.com\/en\/wp-json\/wp\/v2\/media?parent=498"}],"curies":[{"name":"wp","href":"https:\/\/api.w.org\/{rel}","templated":true}]}}